{"id":89,"date":"2016-04-19T12:15:57","date_gmt":"2016-04-19T10:15:57","guid":{"rendered":"http:\/\/planet-lingua.de\/?page_id=89"},"modified":"2017-05-25T17:24:08","modified_gmt":"2017-05-25T15:24:08","slug":"uebersetzungen-und-dolmetschen-fuer-geschaeftskunden","status":"publish","type":"page","link":"https:\/\/planet-lingua.de\/en\/uebersetzungen-und-dolmetschen-fuer-geschaeftskunden\/","title":{"rendered":"Business customers"},"content":{"rendered":"<p><\/p>\n<h1><strong>An experienced partner for your projects <\/strong><\/h1>\n<p>As an experienced partner in business and the service industry, we oversee multi-lingual projects and support marketing and distribution for well-known companies. We at Planet Lingua help you to develop international markets.<\/p>\n<div id=\"attachment_149\" style=\"width: 610px\" class=\"wp-caption alignnone\"><img loading=\"lazy\" decoding=\"async\" aria-describedby=\"caption-attachment-149\" class=\"wp-image-149\" src=\"https:\/\/planet-lingua.de\/wp-content\/uploads\/Fotolia_93333442_S.jpg\" alt=\"\u00dcbersetzungen f\u00fcr Gesch\u00e4ftskunden, Dolmetschen, Handelsunternehmen, Dienstleistungsunternehmen, Projektmanager, Vertr\u00e4ge\" width=\"600\" height=\"450\" srcset=\"https:\/\/planet-lingua.de\/wp-content\/uploads\/Fotolia_93333442_S.jpg 800w, https:\/\/planet-lingua.de\/wp-content\/uploads\/Fotolia_93333442_S-300x225.jpg 300w, https:\/\/planet-lingua.de\/wp-content\/uploads\/Fotolia_93333442_S-768x576.jpg 768w\" sizes=\"auto, (max-width: 600px) 100vw, 600px\" \/><p id=\"caption-attachment-149\" class=\"wp-caption-text\">Translations in Nuremberg \u2013 multi-lingual translations and interpreting fur business customers of all types and specialties.<\/p><\/div>\n<h2>Your advantages<\/h2>\n<p><strong><span style=\"color: #008000;\">\u221a<\/span><\/strong> As a business customer, you profit from our know-how<br \/>\n<strong><span style=\"color: #008000;\">\u221a<\/span><\/strong> Mother-tongue translators and interpreters for all languages<br \/>\n<strong><span style=\"color: #008000;\">\u221a<\/span><\/strong> Specialist translators on all topics and specialties<br \/>\n<strong><span style=\"color: #008000;\">\u221a<\/span><\/strong> Make use of our experience during multi-lingual projects<br \/>\n<strong><span style=\"color: #008000;\">\u221a<\/span><\/strong> Your personal project manager as a central point of contact<br \/>\n<strong><span style=\"color: #008000;\">\u221a<\/span><\/strong> Editing<br \/>\n<strong><span style=\"color: #008000;\">\u221a<\/span><\/strong>\u00a0On time<br \/>\n<strong><span style=\"color: #008000;\">\u221a<\/span><\/strong> Reliable<\/p>\n<p>&nbsp;<\/p>\n<h2>Business customers<\/h2>\n<p>Expanding globalisation encourages international trade and opens up new possibilities in many languages. We support the realisation of your projects with the greatest of care.<\/p>\n<p>&nbsp;<\/p>\n<h3><a href=\"mailto:%20office@planet-lingua.de\"><u>Your project manager is there for you. Get in touch now<\/u>!<\/a><\/h3>\n<p>&nbsp;<\/p>\n<h2>Translations for business customers<\/h2>\n<ul>\n<li>Contracts<\/li>\n<li>Websites<\/li>\n<li>Presentations<\/li>\n<li>Brochures \/ catalogue<\/li>\n<li>Online shops<\/li>\n<li>Certificate of registration<\/li>\n<li>References<\/li>\n<li>Powers of attorney<\/li>\n<\/ul>\n<p>&nbsp;<\/p>\n<h2>File formats and online service<\/h2>\n<p>For advertisers and media companies we offer special file formats and an additional online service. The translations are delivered in the application of your choice or integrated into your Content Management System (CMS).<\/p>\n<ul>\n<li>Word<\/li>\n<li>Excel<\/li>\n<li>PowerPoint<\/li>\n<li>Access<\/li>\n<li>Adobe InDesign\/InCopy<\/li>\n<li>QuarkXPress<\/li>\n<li>WordPress<\/li>\n<li>Joomla<\/li>\n<li>TYPO3<\/li>\n<li>AutoCAD<\/li>\n<\/ul>\n<p>&nbsp;<\/p>\n<h2>Interpreting for our business customers<\/h2>\n<ul>\n<li>Simultaneous interpretation<\/li>\n<li>Interpreting for conferences<\/li>\n<li>Interpreting for trade fairs<\/li>\n<li>Interpreting for business negotiations<\/li>\n<li>Interpreting for the notary\u2019s office<\/li>\n<\/ul>\n<p>&nbsp;<\/p>\n<h3><a href=\"mailto: office@planet-lingua.de\">Contact your project manager now!<\/a><\/h3>\n<p><\/p>","protected":false},"excerpt":{"rendered":"<p>An experienced partner for your projects As an experienced partner in business and the service industry, we oversee multi-lingual projects and support marketing and distribution for well-known companies. We at Planet Lingua help you to develop international markets. Your advantages \u221a As a business customer, you profit from our know-how \u221a Mother-tongue translators and interpreters [&hellip;]<\/p>\n","protected":false},"author":1,"featured_media":0,"parent":0,"menu_order":2,"comment_status":"closed","ping_status":"closed","template":"","meta":{"footnotes":""},"class_list":["post-89","page","type-page","status-publish","czr-hentry"],"_links":{"self":[{"href":"https:\/\/planet-lingua.de\/en\/wp-json\/wp\/v2\/pages\/89","targetHints":{"allow":["GET"]}}],"collection":[{"href":"https:\/\/planet-lingua.de\/en\/wp-json\/wp\/v2\/pages"}],"about":[{"href":"https:\/\/planet-lingua.de\/en\/wp-json\/wp\/v2\/types\/page"}],"author":[{"embeddable":true,"href":"https:\/\/planet-lingua.de\/en\/wp-json\/wp\/v2\/users\/1"}],"replies":[{"embeddable":true,"href":"https:\/\/planet-lingua.de\/en\/wp-json\/wp\/v2\/comments?post=89"}],"version-history":[{"count":37,"href":"https:\/\/planet-lingua.de\/en\/wp-json\/wp\/v2\/pages\/89\/revisions"}],"predecessor-version":[{"id":458,"href":"https:\/\/planet-lingua.de\/en\/wp-json\/wp\/v2\/pages\/89\/revisions\/458"}],"wp:attachment":[{"href":"https:\/\/planet-lingua.de\/en\/wp-json\/wp\/v2\/media?parent=89"}],"curies":[{"name":"wp","href":"https:\/\/api.w.org\/{rel}","templated":true}]}}