{"id":579,"date":"2024-11-04T10:11:12","date_gmt":"2024-11-04T09:11:12","guid":{"rendered":"https:\/\/planet-lingua.de\/?page_id=579"},"modified":"2026-02-01T14:51:42","modified_gmt":"2026-02-01T13:51:42","slug":"jobs-und-karriere","status":"publish","type":"page","link":"https:\/\/planet-lingua.de\/en\/jobs-und-karriere\/","title":{"rendered":"Jobs and Career"},"content":{"rendered":"<p><\/p>\n<h1><strong>Sworn or authorized translators wanted:<br \/>\n<\/strong><\/h1>\n<p>We are looking for sworn or authorized translators to work freelance for the following languages:<\/p>\n<ul>\n<li>Bulgarian<\/li>\n<li>Pashto<\/li>\n<li>Ukrainian<\/li>\n<\/ul>\n<p>We look forward to receiving your shortr application, preferably by <a href=\"mailto:office@planet-lingua.de\">email<\/a>.<\/p>\n<div id=\"attachment_149\" style=\"width: 610px\" class=\"wp-caption alignnone\"><img loading=\"lazy\" decoding=\"async\" aria-describedby=\"caption-attachment-149\" class=\"wp-image-149\" src=\"https:\/\/planet-lingua.de\/wp-content\/uploads\/Fotolia_93333442_S.jpg\" alt=\"\u00dcbersetzungen f\u00fcr Gesch\u00e4ftskunden, Dolmetschen, Handelsunternehmen, Dienstleistungsunternehmen, Projektmanager, Vertr\u00e4ge\" width=\"600\" height=\"450\" srcset=\"https:\/\/planet-lingua.de\/wp-content\/uploads\/Fotolia_93333442_S.jpg 800w, https:\/\/planet-lingua.de\/wp-content\/uploads\/Fotolia_93333442_S-300x225.jpg 300w, https:\/\/planet-lingua.de\/wp-content\/uploads\/Fotolia_93333442_S-768x576.jpg 768w\" sizes=\"auto, (max-width: 600px) 100vw, 600px\" \/><p id=\"caption-attachment-149\" class=\"wp-caption-text\">Translations in Nuremberg \u2013 multi-lingual translations and interpreting fur business customers of all types and specialties.<\/p><\/div>\n<h2><\/h2>\n<p><\/p>","protected":false},"excerpt":{"rendered":"<p>Sworn or authorized translators wanted: We are looking for sworn or authorized translators to work freelance for the following languages: Bulgarian Pashto Ukrainian We look forward to receiving your shortr application, preferably by email.<\/p>\n","protected":false},"author":1,"featured_media":0,"parent":0,"menu_order":2,"comment_status":"closed","ping_status":"closed","template":"","meta":{"footnotes":""},"class_list":["post-579","page","type-page","status-publish","czr-hentry"],"_links":{"self":[{"href":"https:\/\/planet-lingua.de\/en\/wp-json\/wp\/v2\/pages\/579","targetHints":{"allow":["GET"]}}],"collection":[{"href":"https:\/\/planet-lingua.de\/en\/wp-json\/wp\/v2\/pages"}],"about":[{"href":"https:\/\/planet-lingua.de\/en\/wp-json\/wp\/v2\/types\/page"}],"author":[{"embeddable":true,"href":"https:\/\/planet-lingua.de\/en\/wp-json\/wp\/v2\/users\/1"}],"replies":[{"embeddable":true,"href":"https:\/\/planet-lingua.de\/en\/wp-json\/wp\/v2\/comments?post=579"}],"version-history":[{"count":55,"href":"https:\/\/planet-lingua.de\/en\/wp-json\/wp\/v2\/pages\/579\/revisions"}],"predecessor-version":[{"id":648,"href":"https:\/\/planet-lingua.de\/en\/wp-json\/wp\/v2\/pages\/579\/revisions\/648"}],"wp:attachment":[{"href":"https:\/\/planet-lingua.de\/en\/wp-json\/wp\/v2\/media?parent=579"}],"curies":[{"name":"wp","href":"https:\/\/api.w.org\/{rel}","templated":true}]}}