{"id":56,"date":"2016-04-18T22:19:15","date_gmt":"2016-04-18T20:19:15","guid":{"rendered":"http:\/\/planet-lingua.de\/?page_id=56"},"modified":"2026-01-22T13:07:42","modified_gmt":"2026-01-22T12:07:42","slug":"uebersetzen-und-dolmetschen-fuer-gerichte-aemter-behoerden","status":"publish","type":"page","link":"https:\/\/planet-lingua.de\/en\/uebersetzen-und-dolmetschen-fuer-gerichte-aemter-behoerden\/","title":{"rendered":"The courts, government offices and agencies"},"content":{"rendered":"<p><\/p>\n<h1><strong>Your discrete Partner for sensitive documents<br \/>\n<\/strong><\/h1>\n<p>Draw on our experience in dealing with sensitive documents. We guarantee absolute discretion in the handling of your files, with secure data transfer.<\/p>\n<div id=\"attachment_150\" style=\"width: 610px\" class=\"wp-caption alignnone\"><img loading=\"lazy\" decoding=\"async\" aria-describedby=\"caption-attachment-150\" class=\"wp-image-150\" src=\"https:\/\/planet-lingua.de\/wp-content\/uploads\/Fotolia_78237279_S.jpg\" alt=\"\u00dcbersetzungen f\u00fcr Gerichte, \u00c4mter und Beh\u00f6rden, Dolmetschen, Gerichte, Justiz, Staatsanwaltschaft, Amtsgericht, Landgericht, Zollerkl\u00e4rungen\" width=\"600\" height=\"361\" srcset=\"https:\/\/planet-lingua.de\/wp-content\/uploads\/Fotolia_78237279_S.jpg 893w, https:\/\/planet-lingua.de\/wp-content\/uploads\/Fotolia_78237279_S-300x180.jpg 300w, https:\/\/planet-lingua.de\/wp-content\/uploads\/Fotolia_78237279_S-768x462.jpg 768w\" sizes=\"auto, (max-width: 600px) 100vw, 600px\" \/><p id=\"caption-attachment-150\" class=\"wp-caption-text\">Translation Agency Nuremberg \u2013 authorised and sworn translators and interpreters translate sensitive and confidential documents for government offices and agencies.<\/p><\/div>\n<h3><\/h3>\n<h2>Your advantages<\/h2>\n<p><strong><span style=\"color: #008000;\">\u221a<\/span><\/strong> Save time through our experience with government offices and agencies<br \/>\n<strong><span style=\"color: #008000;\">\u221a<\/span><\/strong> Sworn and authorised translators and interpreters for all agencies<br \/>\n<strong><span style=\"color: #008000;\">\u221a<\/span><\/strong> Billing according to JVEG, the German law determining fees, provides transparency<br \/>\n<strong><span style=\"color: #008000;\">\u221a<\/span><\/strong> Make use of our experience with multi-lingual projects<br \/>\n<strong><span style=\"color: #008000;\">\u221a<\/span><\/strong> Rush jobs accepted<br \/>\n<strong><span style=\"color: #008000;\">\u221a<\/span><\/strong> On time<br \/>\n<strong><span style=\"color: #008000;\">\u221a<\/span><\/strong> Reliable<\/p>\n<p>&nbsp;<\/p>\n<h3><a href=\"mailto:office@planet-lingua.de\"><u>Send an email now and get those files off your desk<\/u>!<\/a><\/h3>\n<p>&nbsp;<\/p>\n<h2>The courts, government offices and agencies<\/h2>\n<p>By means of our extensive experience in working with government instances we guarantee a smooth process and transactions completed on time. Take advantage of our successful collaboration with public prosecutors and the courts.<\/p>\n<p>&nbsp;<\/p>\n<p><a href=\"https:\/\/planet-lingua.de\/wp-content\/uploads\/Uebersetzungen-fuer-Aemter-und-Behoerden.pdf\" target=\"_blank\" rel=\"noopener noreferrer\"><u>Further information on government agencies and offices available here as a PDF download (German Language \u2013 235 kB<\/u>).<\/a><\/p>\n<p>&nbsp;<\/p>\n<h2>Translations for attorneys and legal instances<\/h2>\n<ul>\n<li>Verdicts<\/li>\n<li>Orders for an arrest<\/li>\n<li>Enforcement proceedings<\/li>\n<li>Customs declarations<\/li>\n<li>Prison postal service<\/li>\n<\/ul>\n<p>&nbsp;<\/p>\n<h3><a href=\"mailto:office@planet-lingua.de\"><u>Contact us now and we\u2019ll take care of the rest<\/u>.<\/a><\/h3>\n<p><\/p>","protected":false},"excerpt":{"rendered":"<p>Your discrete Partner for sensitive documents Draw on our experience in dealing with sensitive documents. We guarantee absolute discretion in the handling of your files, with secure data transfer. Your advantages \u221a Save time through our experience with government offices and agencies \u221a Sworn and authorised translators and interpreters for all agencies \u221a Billing according [&hellip;]<\/p>\n","protected":false},"author":1,"featured_media":0,"parent":0,"menu_order":1,"comment_status":"closed","ping_status":"closed","template":"","meta":{"footnotes":""},"class_list":["post-56","page","type-page","status-publish","czr-hentry"],"_links":{"self":[{"href":"https:\/\/planet-lingua.de\/en\/wp-json\/wp\/v2\/pages\/56","targetHints":{"allow":["GET"]}}],"collection":[{"href":"https:\/\/planet-lingua.de\/en\/wp-json\/wp\/v2\/pages"}],"about":[{"href":"https:\/\/planet-lingua.de\/en\/wp-json\/wp\/v2\/types\/page"}],"author":[{"embeddable":true,"href":"https:\/\/planet-lingua.de\/en\/wp-json\/wp\/v2\/users\/1"}],"replies":[{"embeddable":true,"href":"https:\/\/planet-lingua.de\/en\/wp-json\/wp\/v2\/comments?post=56"}],"version-history":[{"count":69,"href":"https:\/\/planet-lingua.de\/en\/wp-json\/wp\/v2\/pages\/56\/revisions"}],"predecessor-version":[{"id":640,"href":"https:\/\/planet-lingua.de\/en\/wp-json\/wp\/v2\/pages\/56\/revisions\/640"}],"wp:attachment":[{"href":"https:\/\/planet-lingua.de\/en\/wp-json\/wp\/v2\/media?parent=56"}],"curies":[{"name":"wp","href":"https:\/\/api.w.org\/{rel}","templated":true}]}}